{"id":8,"date":"2010-10-28T10:30:45","date_gmt":"2010-10-28T10:30:45","guid":{"rendered":"http:\/\/lunatv.es\/centropodologico\/?page_id=8"},"modified":"2016-04-08T15:50:09","modified_gmt":"2016-04-08T15:50:09","slug":"servicios","status":"publish","type":"page","link":"https:\/\/centropodologicocrevillente.com\/?page_id=8","title":{"rendered":"Servicios"},"content":{"rendered":"<p style=\"text-align: left;\"><span style=\"color: #333399;\"> <\/span><\/p>\n<p>QUIROPODOLOG\u00cdA: alteraciones en las u\u00f1as y en la piel: callos, durezas, verrugas plantares(papilomas), u\u00f1a encarnada(u\u00f1eros), u\u00f1as engrosadas, infecci\u00f3n por hongos y por bacterias.<\/p>\n<p style=\"text-align: left;\"><a href=\"https:\/\/centropodologicocrevillente.com\/wp-content\/uploads\/2010\/10\/callo.bmp\"><img loading=\"lazy\" decoding=\"async\" class=\"size-full wp-image-32 alignnone\" title=\"callo\" src=\"https:\/\/centropodologicocrevillente.com\/wp-content\/uploads\/2010\/10\/callo.bmp\" alt=\"\" width=\"200\" height=\"150\" \/><\/a> <a href=\"https:\/\/centropodologicocrevillente.com\/wp-content\/uploads\/2010\/10\/encarnada.jpg\"><img loading=\"lazy\" decoding=\"async\" class=\"alignnone size-full wp-image-34\" title=\"encarnada\" src=\"https:\/\/centropodologicocrevillente.com\/wp-content\/uploads\/2010\/10\/encarnada.jpg\" alt=\"\" width=\"204\" height=\"152\" \/><\/a> <a href=\"https:\/\/centropodologicocrevillente.com\/wp-content\/uploads\/2010\/10\/papilomas.jpg\"><img loading=\"lazy\" decoding=\"async\" class=\"alignnone size-full wp-image-35\" title=\"papilomas\" src=\"https:\/\/centropodologicocrevillente.com\/wp-content\/uploads\/2010\/10\/papilomas.jpg\" alt=\"\" width=\"204\" height=\"152\" \/><\/a><\/p>\n<p style=\"text-align: left;\"><span style=\"color: #000080;\"><span style=\"color: #333399;\">BIOM<\/span><span style=\"color: #333399;\">ECANICA Y ORTOPODOLOG\u00cdA: <\/span><\/span>estudios computerizados del pie en est\u00e1tica y en din\u00e1mica mediante plataforma de presiones, podoscopio y ped\u00edgrafo,\u00a0 para\u00a0 poder obtener un buen diagn\u00f3stico y con ello realizar tratamientos plantares personalizados.<\/p>\n<p style=\"text-align: left;\"><a href=\"https:\/\/centropodologicocrevillente.com\/wp-content\/uploads\/2010\/10\/huella.bmp\"><img decoding=\"async\" class=\"alignnone size-full wp-image-41\" title=\"huella\" src=\"https:\/\/centropodologicocrevillente.com\/wp-content\/uploads\/2010\/10\/huella.bmp\" alt=\"\" \/><\/a><\/p>\n<p><span style=\"color: #333399;\">POSTUROLOG\u00cdA: <\/span>con las plantillas propioceptivas seg\u00fan el m\u00e9todo Bourdiol, las bases de la correcci\u00f3n postural son mec\u00e1nicas y neurol\u00f3gicas, y a trav\u00e9s de la estimulaci\u00f3n de unos receptores que tenemos en la planta del pie, podemos prevenir y tratar los trastornos de la postura y del equilibrio y as\u00ed por ejemplo prevenir dolores en la zona lumbar o cervical .<\/p>\n<p><span style=\"color: #333399;\">CIRUG\u00cdA DE LA U\u00d1A Y CIRUG\u00cdA M\u00cdNIMA INCISI\u00d3N (MIS): <\/span>u\u00f1as encarnadas, u\u00f1as en pinza, dedos en garra, juanetes, helomas interdigitales, espolones. Todas estas alteraciones se pueden solucionar, porque somos especialistas en continua formaci\u00f3n para ofrecerles los \u00faltimos avances en cirug\u00eda  .<\/p>\n<p><a href=\"https:\/\/centropodologicocrevillente.com\/wp-content\/uploads\/2010\/10\/garradigital.jpg\"><img loading=\"lazy\" decoding=\"async\" title=\"garradigital\" src=\"https:\/\/centropodologicocrevillente.com\/wp-content\/uploads\/2010\/10\/garradigital.jpg\" alt=\"\" width=\"249\" height=\"186\" \/><\/a> <a href=\"https:\/\/centropodologicocrevillente.com\/wp-content\/uploads\/2010\/10\/juanete.bmp\"><img decoding=\"async\" title=\"juanete\" src=\"https:\/\/centropodologicocrevillente.com\/wp-content\/uploads\/2010\/10\/juanete.bmp\" alt=\"\" \/><\/a> <a href=\"https:\/\/centropodologicocrevillente.com\/wp-content\/uploads\/2010\/10\/dibujocx.png\"><img loading=\"lazy\" decoding=\"async\" title=\"dibujocx\" src=\"https:\/\/centropodologicocrevillente.com\/wp-content\/uploads\/2010\/10\/dibujocx.png\" alt=\"\" width=\"151\" height=\"200\" \/><\/a><\/p>\n<p><a href=\"https:\/\/centropodologicocrevillente.com\/wp-content\/uploads\/2010\/10\/FIESTA-DIC-07-001.jpg\"><img loading=\"lazy\" decoding=\"async\" class=\"alignnone size-medium wp-image-126\" title=\"U\u00f1a Encarnada- ONICOCRIPTOSIS\" src=\"https:\/\/centropodologicocrevillente.com\/wp-content\/uploads\/2010\/10\/FIESTA-DIC-07-001-300x225.jpg\" alt=\"\" width=\"300\" height=\"225\" srcset=\"https:\/\/centropodologicocrevillente.com\/wp-content\/uploads\/2010\/10\/FIESTA-DIC-07-001-300x225.jpg 300w, https:\/\/centropodologicocrevillente.com\/wp-content\/uploads\/2010\/10\/FIESTA-DIC-07-001-1024x768.jpg 1024w, https:\/\/centropodologicocrevillente.com\/wp-content\/uploads\/2010\/10\/FIESTA-DIC-07-001.jpg 2048w\" sizes=\"auto, (max-width: 300px) 100vw, 300px\" \/><\/a><a href=\"https:\/\/centropodologicocrevillente.com\/wp-content\/uploads\/2010\/10\/rrr-002.jpg\"><img loading=\"lazy\" decoding=\"async\" title=\"Al Mes de la Cirug\u00eda de Onicocriptosis\" src=\"https:\/\/centropodologicocrevillente.com\/wp-content\/uploads\/2010\/10\/rrr-002-300x225.jpg\" alt=\"\" width=\"300\" height=\"225\" \/><\/a><\/p>\n<p><a href=\"https:\/\/centropodologicocrevillente.com\/wp-content\/uploads\/2010\/10\/P1030155.jpg\"><img loading=\"lazy\" decoding=\"async\" class=\"alignnone size-medium wp-image-134\" title=\"Juanete y 2\u00ba dedo en garra con heloma\" src=\"https:\/\/centropodologicocrevillente.com\/wp-content\/uploads\/2010\/10\/P1030155-300x225.jpg\" alt=\"\" width=\"300\" height=\"225\" srcset=\"https:\/\/centropodologicocrevillente.com\/wp-content\/uploads\/2010\/10\/P1030155-300x225.jpg 300w, https:\/\/centropodologicocrevillente.com\/wp-content\/uploads\/2010\/10\/P1030155-1024x768.jpg 1024w, https:\/\/centropodologicocrevillente.com\/wp-content\/uploads\/2010\/10\/P1030155.jpg 2048w\" sizes=\"auto, (max-width: 300px) 100vw, 300px\" \/><\/a><a href=\"https:\/\/centropodologicocrevillente.com\/wp-content\/uploads\/2010\/10\/postcx-11-4-11.jpg\"><img loading=\"lazy\" decoding=\"async\" title=\"A los 3 meses juanete y 2\u00ba\" src=\"https:\/\/centropodologicocrevillente.com\/wp-content\/uploads\/2010\/10\/postcx-11-4-11-300x225.jpg\" alt=\"\" width=\"300\" height=\"225\" \/><\/a><\/p>\n","protected":false},"excerpt":{"rendered":"<p>QUIROPODOLOG\u00cdA: alteraciones en las u\u00f1as y en la piel: callos, durezas, verrugas plantares(papilomas), u\u00f1a encarnada(u\u00f1eros), u\u00f1as engrosadas, infecci\u00f3n por hongos y por bacterias. BIOMECANICA Y ORTOPODOLOG\u00cdA: estudios computerizados del pie [&hellip;]<\/p>\n","protected":false},"author":2,"featured_media":0,"parent":0,"menu_order":0,"comment_status":"closed","ping_status":"closed","template":"","meta":{"footnotes":""},"class_list":["post-8","page","type-page","status-publish","hentry"],"aioseo_notices":[],"_links":{"self":[{"href":"https:\/\/centropodologicocrevillente.com\/index.php?rest_route=\/wp\/v2\/pages\/8","targetHints":{"allow":["GET"]}}],"collection":[{"href":"https:\/\/centropodologicocrevillente.com\/index.php?rest_route=\/wp\/v2\/pages"}],"about":[{"href":"https:\/\/centropodologicocrevillente.com\/index.php?rest_route=\/wp\/v2\/types\/page"}],"author":[{"embeddable":true,"href":"https:\/\/centropodologicocrevillente.com\/index.php?rest_route=\/wp\/v2\/users\/2"}],"replies":[{"embeddable":true,"href":"https:\/\/centropodologicocrevillente.com\/index.php?rest_route=%2Fwp%2Fv2%2Fcomments&post=8"}],"version-history":[{"count":9,"href":"https:\/\/centropodologicocrevillente.com\/index.php?rest_route=\/wp\/v2\/pages\/8\/revisions"}],"predecessor-version":[{"id":291,"href":"https:\/\/centropodologicocrevillente.com\/index.php?rest_route=\/wp\/v2\/pages\/8\/revisions\/291"}],"wp:attachment":[{"href":"https:\/\/centropodologicocrevillente.com\/index.php?rest_route=%2Fwp%2Fv2%2Fmedia&parent=8"}],"curies":[{"name":"wp","href":"https:\/\/api.w.org\/{rel}","templated":true}]}}