{"id":491,"date":"2020-06-29T14:02:38","date_gmt":"2020-06-29T14:02:38","guid":{"rendered":"https:\/\/centropodologicocrevillente.com\/?page_id=491"},"modified":"2025-01-31T14:48:37","modified_gmt":"2025-01-31T14:48:37","slug":"aviso-legal","status":"publish","type":"page","link":"https:\/\/centropodologicocrevillente.com\/?page_id=491","title":{"rendered":"Aviso legal"},"content":{"rendered":"<h4><strong>AVISO LEGAL<\/strong><\/h4>\n<p>En cumplimiento de la Ley 34\/2002, de 11 de julio, de servicios de la sociedad de la informaci\u00f3n y de comercio electr\u00f3nico (LSSI), le informamos de que:<br \/>\nCENTRO PODOL\u00d3GICO MARIA JOS\u00c9 MERCADER COBACHO (en adelante MERCADER COBACHO, MARIA JOSE) Su NIF es 74187757S y tiene su domicilio en C\/ Don Alarico Lopez Teruel n\u00ba3 bajo E, Crevillent, Alicante.<\/p>\n<p><strong>Datos de contacto:<\/strong><br \/>\nTel\u00e9fono: 966680910<br \/>\nE-mail: podologamj@gmail.com<\/p>\n<p>Condiciones generales de uso del sitio web de MERCADER COBACHO, MARIA JOSE<br \/>\nEl nombre de dominio centropodologicocrevillente.com es titularidad de MERCADER COBACHO, MARIA JOSE y su uso exclusivo est\u00e1 reservado a \u00e9ste.<br \/>\nEl portal oficial de centropodologicocrevillente.com, tiene por objeto facilitar al p\u00fablico en general, el conocimiento de las actividades que realizamos, as\u00ed como de los productos y servicios que prestamos en materia de otras actividades sanitarias.<\/p>\n<p>El uso de este sitio Web implica la expresa y plena aceptaci\u00f3n de las condiciones aqu\u00ed expuestas, sin perjuicio de aquellas particulares que pudieran aplicarse a algunos de los productos o servicios concretos ofrecidos a trav\u00e9s del sitio Web.<\/p>\n<p>MERCADER COBACHO, MARIA JOSE se reserva la facultad de efectuar, en cualquier momento y sin necesidad de previo aviso, modificaciones y actualizaciones de la informaci\u00f3n contenida en su Web o en la configuraci\u00f3n y presentaci\u00f3n de \u00e9sta.<br \/>\nCon objeto de mantener actualizada la informaci\u00f3n publicada en el portal, los contenidos del mismo podr\u00e1n ser modificados, corregidos, eliminados o a\u00f1adidos en cualquier momento, por lo que ser\u00e1 conveniente comprobar la vigencia o exactitud de los mismos acudiendo a las fuentes oficiales.<br \/>\nPropiedad intelectual, industrial y frames<\/p>\n<p>Todos los elementos que forman el sitio Web, as\u00ed como su estructura, dise\u00f1o, c\u00f3digo fuente, as\u00ed como los logos, marcas y dem\u00e1s signos distintivos que aparecen en la misma, son titularidad de MERCADER COBACHO, MARIA JOSE o de sus colaboradores, y est\u00e1n protegidos por los correspondientes derechos de propiedad intelectual e industrial.<br \/>\nIgualmente est\u00e1n protegidos por los correspondientes derechos de propiedad intelectual e industrial las im\u00e1genes y otros elementos gr\u00e1ficos contenidos en los portales.<br \/>\nProhibimos expresamente la realizaci\u00f3n de \u201cframings\u201d o la utilizaci\u00f3n por parte de terceros de cualesquiera otros mecanismos que alteren el dise\u00f1o, configuraci\u00f3n original o contenidos de nuestros portales.<\/p>\n<p>El uso de los contenidos deber\u00e1 respetar su licenciamiento particular. De tal modo su uso, reproducci\u00f3n, distribuci\u00f3n, comunicaci\u00f3n p\u00fablica, transformaci\u00f3n o cualquier otra actividad similar o an\u00e1loga, queda totalmente prohibida salvo que medie previa y expresa autorizaci\u00f3n de MERCADER COBACHO, MARIA JOSE.<br \/>\nRespecto a las citas de noticias, productos y servicios de terceros, que puedan aparecer en la<br \/>\nWeb, MERCADER COBACHO, MARIA JOSE reconoce a favor de sus titulares los correspondientes derechos de propiedad industrial e intelectual, no implicando su sola menci\u00f3n o aparici\u00f3n en la Web la existencia de derechos ni de responsabilidad alguna sobre los mismos, como tampoco respaldo, patrocinio o recomendaci\u00f3n.<br \/>\nAsimismo, declaramos su respeto a los derechos de propiedad intelectual e industrial de terceros; por ello, si considera que nuestros portales pudieran estar violando sus derechos, rogamos se ponga en contacto con nosotros.<\/p>\n<p><strong>Responsabilidad<\/strong><\/p>\n<p>No garantizamos la inexistencia de errores en el acceso a la Web, en su contenido, ni que \u00e9ste se encuentre actualizado, aunque MERCADER COBACHO, MARIA JOSE desarrollar\u00e1 sus mejores esfuerzos para, en su caso, evitarlos, subsanarlos o actualizarlos.<br \/>\nTanto el acceso a los portales de MERCADER COBACHO, MARIA JOSE como el uso que pueda hacerse de la informaci\u00f3n contenida en los mismos es de la exclusiva responsabilidad de quien lo realiza.<\/p>\n<p>No nos hacemos responsables de los posibles errores de seguridad que se puedan producir ni de los posibles da\u00f1os que puedan causarse al sistema inform\u00e1tico del Usuario (hardware y software), los ficheros o documentos almacenados en el mismo, como consecuencia de la presencia de virus en el ordenador del Usuario utilizado para la conexi\u00f3n a los servicios y contenidos de la Web, de un mal funcionamiento del navegador o del uso de versiones no actualizadas del mismo.<\/p>\n<p>Asimismo, no nos responsabilizamos de la informaci\u00f3n y contenidos almacenados, a t\u00edtulo enunciativo, pero no limitativo, en foros, chats, blogs, comentarios, redes sociales o cualesquiera otros medios que permitan a terceros publicar contenidos de forma independiente en nuestra p\u00e1gina web.<\/p>\n<p>No obstante, y en cumplimiento de lo dispuesto en la LSSI, ponemos a disposici\u00f3n de todos los usuarios, autoridades y fuerzas de seguridad, y colaborando de forma activa, en la retirada o en su caso, bloqueo de todos aquellos contenidos que pudieran afectar o contravenir la legislaci\u00f3n nacional, o internacional, derechos de terceros, o la moral y el orden p\u00fablico. En caso de que el usuario considere que existe en el sitio web alg\u00fan contenido que pudiera ser susceptible de esta clasificaci\u00f3n, rogamos se ponga en contacto con nosotros.<\/p>\n<p><strong>Links o hiperenlaces<\/strong>La Web puede contener enlaces a contenidos que dirijan a contenidos de terceros. El objetivo de dichos enlaces ser\u00e1 \u00fanicamente facilitarle la b\u00fasqueda de los recursos que le puedan interesar a trav\u00e9s de Internet. No obstante, dichas p\u00e1ginas no pertenecen a MERCADER COBACHO, MARIA JOSE, ni tampoco hacemos una revisi\u00f3n de sus contenidos y, no siendo por ello, responsables del contenido, informaciones o servicios que pudieran aparecer en dichos sitios, que tendr\u00e1n exclusivamente car\u00e1cter informativo y que en ning\u00fan caso implican relaci\u00f3n alguna entre nosotros y a las personas o entidades titulares de tales contenidos, o titulares de los sitios donde se encuentre.<br \/>\nDesde MERCADER COBACHO, MARIA JOSE tampoco podemos hacernos responsables del funcionamiento de la p\u00e1gina enlazada o de los posibles da\u00f1os que puedan derivarse del acceso o uso de esta.<br \/>\nLos enlaces a la web de MERCADER COBACHO, MARIA JOSE deber\u00e1n respetar las siguientes condiciones:<br \/>\n<strong>1.<\/strong><br \/>\nEl establecimiento del enlace no supondr\u00e1 per se ning\u00fan tipo de acuerdo, contrato, patrocinio ni recomendaci\u00f3n por parte de MERCADER COBACHO, MARIA JOSE, de la p\u00e1gina que realiza el enlace.<br \/>\n<strong>2.<\/strong><br \/>\nLa p\u00e1gina web en la que se establezca el hiperenlace no contendr\u00e1 informaciones con contenidos que sean il\u00edcitos, discriminatorios, contrarios a los principios \u00e9ticos com\u00fanmente aceptados o atenten contra el orden p\u00fablico, as\u00ed como tampoco contendr\u00e1 contenidos contrarios a cualesquiera derechos de terceros.<br \/>\n<strong>3.<\/strong><br \/>\nMERCADER COBACHO, MARIA JOSE podr\u00e1 solicitar la retirada de un enlace a su web, sin necesidad de alegar causa alguna. En tal caso, la p\u00e1gina que haya realizado el enlace deber\u00e1 proceder a su inmediata supresi\u00f3n, tan pronto como reciba la notificaci\u00f3n.<br \/>\n<strong>4.<\/strong><br \/>\nNo nos responsabilizamos ni garantizamos, en modo alguno, la calidad, exactitud, fiabilidad, correcci\u00f3n o moralidad de contenidos o servicios que el establecimiento del hiperenlace pueda ofrecer. El usuario asume bajo su exclusiva responsabilidad las consecuencias, da\u00f1os o acciones que pudieran derivarse del acceso a la p\u00e1gina web del hiperenlace.<\/p>\n<p><strong>Protecci\u00f3n de Datos Personales<\/strong><\/p>\n<p>Desde MERCADER COBACHO, MARIA JOSE nos encontramos profundamente comprometidos con el cumplimiento de la normativa de protecci\u00f3n de datos de car\u00e1cter personal, y garantizamos el cumplimiento \u00edntegro de las obligaciones dispuestas, as\u00ed como la implementaci\u00f3n de las medidas de seguridad apropiadas, con la finalidad de garantizar un nivel de seguridad adecuado al riesgo.<br \/>\nPor ello, ponemos a disposici\u00f3n de las personas usuarias nuestra Pol\u00edtica de Privacidad, ofreci\u00e9ndoles en dicho texto la informaci\u00f3n ampliada de los tratamientos de datos que realizamos.<br \/>\nLey aplicable y jurisdicci\u00f3n<br \/>\nLa ley aplicable en caso de disputa o conflicto de interpretaci\u00f3n de los t\u00e9rminos que conforman este Aviso Legal, as\u00ed como cualquier cuesti\u00f3n relacionada con los servicios del presente Portal, ser\u00e1 la ley espa\u00f1ola.<br \/>\nPara la resoluci\u00f3n de cualquier conflicto que pueda surgir con ocasi\u00f3n de la visita al Portal o del uso de los servicios que en \u00e9l se puedan ofertar, MERCADER COBACHO, MARIA JOSE y el Usuario acuerdan someterse a los Jueces y Tribunales del domicilio de MERCADER COBACHO, MARIA JOSE.<\/p>\n<p>&nbsp;<\/p>\n","protected":false},"excerpt":{"rendered":"<p>AVISO LEGAL En cumplimiento de la Ley 34\/2002, de 11 de julio, de servicios de la sociedad de la informaci\u00f3n y de comercio electr\u00f3nico (LSSI), le informamos de que: CENTRO [&hellip;]<\/p>\n","protected":false},"author":1,"featured_media":0,"parent":0,"menu_order":0,"comment_status":"closed","ping_status":"closed","template":"","meta":{"footnotes":""},"class_list":["post-491","page","type-page","status-publish","hentry"],"aioseo_notices":[],"_links":{"self":[{"href":"https:\/\/centropodologicocrevillente.com\/index.php?rest_route=\/wp\/v2\/pages\/491","targetHints":{"allow":["GET"]}}],"collection":[{"href":"https:\/\/centropodologicocrevillente.com\/index.php?rest_route=\/wp\/v2\/pages"}],"about":[{"href":"https:\/\/centropodologicocrevillente.com\/index.php?rest_route=\/wp\/v2\/types\/page"}],"author":[{"embeddable":true,"href":"https:\/\/centropodologicocrevillente.com\/index.php?rest_route=\/wp\/v2\/users\/1"}],"replies":[{"embeddable":true,"href":"https:\/\/centropodologicocrevillente.com\/index.php?rest_route=%2Fwp%2Fv2%2Fcomments&post=491"}],"version-history":[{"count":7,"href":"https:\/\/centropodologicocrevillente.com\/index.php?rest_route=\/wp\/v2\/pages\/491\/revisions"}],"predecessor-version":[{"id":514,"href":"https:\/\/centropodologicocrevillente.com\/index.php?rest_route=\/wp\/v2\/pages\/491\/revisions\/514"}],"wp:attachment":[{"href":"https:\/\/centropodologicocrevillente.com\/index.php?rest_route=%2Fwp%2Fv2%2Fmedia&parent=491"}],"curies":[{"name":"wp","href":"https:\/\/api.w.org\/{rel}","templated":true}]}}