{"id":408,"date":"2016-04-08T15:50:09","date_gmt":"2016-04-08T15:50:09","guid":{"rendered":"https:\/\/centropodologicocrevillente.com\/?page_id=408"},"modified":"2016-04-08T15:50:09","modified_gmt":"2016-04-08T15:50:09","slug":"consejos-practicos-para-conseguir-zapatos-que-calcen-bien","status":"publish","type":"page","link":"https:\/\/centropodologicocrevillente.com\/?page_id=408","title":{"rendered":"Consejos pr\u00e1cticos para conseguir zapatos que calcen bien"},"content":{"rendered":"<p>El tama\u00f1o de los pies cambia con el paso de los a\u00f1os<\/p>\n<p>La mejor hora del d\u00eda para med\u00edrselos es al final del d\u00eda cuando los pies est\u00e1n en su punto m\u00e1s ancho.<\/p>\n<p>La mayor\u00eda de las personas tiene un pie m\u00e1s grande que el otro, as\u00ed que el zapato debe calzar bien en el pie m\u00e1s ancho<\/p>\n<p>No compre zapatos que sean demasiado estrechos, esperando que estos vayan a estirarse para caber bien.<\/p>\n<p>El tal\u00f3n debe calzar c\u00f3modamente en el zapato. Este debe quedar m\u00ednimamente holgado. Los zapatos no deben subir y bajar sobre el tal\u00f3n al caminar (tipo chancla).<\/p>\n<p>La parte superior de los zapatos debe ser de un material suave, flexible y que se ajuste a la horma del pie.<\/p>\n<p>Los zapatos de cuero pueden reducir la posibilidad de irritaciones en la piel.<\/p>\n<p>Las suelas deben proporcionar apoyo firme y no deslizarse. Las suelas gruesas amortiguan el impacto en los pies al andar en superficies duras<\/p>\n","protected":false},"excerpt":{"rendered":"<p>El tama\u00f1o de los pies cambia con el paso de los a\u00f1os La mejor hora del d\u00eda para med\u00edrselos es al final del d\u00eda cuando los pies est\u00e1n en su [&hellip;]<\/p>\n","protected":false},"author":1,"featured_media":0,"parent":0,"menu_order":0,"comment_status":"closed","ping_status":"closed","template":"","meta":{"footnotes":""},"class_list":["post-408","page","type-page","status-publish","hentry"],"aioseo_notices":[],"_links":{"self":[{"href":"https:\/\/centropodologicocrevillente.com\/index.php?rest_route=\/wp\/v2\/pages\/408","targetHints":{"allow":["GET"]}}],"collection":[{"href":"https:\/\/centropodologicocrevillente.com\/index.php?rest_route=\/wp\/v2\/pages"}],"about":[{"href":"https:\/\/centropodologicocrevillente.com\/index.php?rest_route=\/wp\/v2\/types\/page"}],"author":[{"embeddable":true,"href":"https:\/\/centropodologicocrevillente.com\/index.php?rest_route=\/wp\/v2\/users\/1"}],"replies":[{"embeddable":true,"href":"https:\/\/centropodologicocrevillente.com\/index.php?rest_route=%2Fwp%2Fv2%2Fcomments&post=408"}],"version-history":[{"count":1,"href":"https:\/\/centropodologicocrevillente.com\/index.php?rest_route=\/wp\/v2\/pages\/408\/revisions"}],"predecessor-version":[{"id":409,"href":"https:\/\/centropodologicocrevillente.com\/index.php?rest_route=\/wp\/v2\/pages\/408\/revisions\/409"}],"wp:attachment":[{"href":"https:\/\/centropodologicocrevillente.com\/index.php?rest_route=%2Fwp%2Fv2%2Fmedia&parent=408"}],"curies":[{"name":"wp","href":"https:\/\/api.w.org\/{rel}","templated":true}]}}