{"id":406,"date":"2016-04-08T15:50:09","date_gmt":"2016-04-08T15:50:09","guid":{"rendered":"https:\/\/centropodologicocrevillente.com\/?page_id=406"},"modified":"2016-04-08T15:50:09","modified_gmt":"2016-04-08T15:50:09","slug":"cuidados-con-los-pies-en-la-3a-edad","status":"publish","type":"page","link":"https:\/\/centropodologicocrevillente.com\/?page_id=406","title":{"rendered":"Cuidados con los pies en la 3\u00aa edad"},"content":{"rendered":"<p>La edad, al igual que las enfermedades, la mala circulaci\u00f3n, las u\u00f1as mal cortadas y el uso de zapatos que no calzan bien pueden seguramente tener alg\u00fan efecto negativo para los pies. Los problemas de los pies pueden ser el primer s\u00edntoma de alguna condici\u00f3n m\u00e9dica m\u00e1s seria tal como artritis, diabetes y trastornos neurol\u00f3gicos o circulatorios.<\/p>\n","protected":false},"excerpt":{"rendered":"<p>La edad, al igual que las enfermedades, la mala circulaci\u00f3n, las u\u00f1as mal cortadas y el uso de zapatos que no calzan bien pueden seguramente tener alg\u00fan efecto negativo para [&hellip;]<\/p>\n","protected":false},"author":1,"featured_media":0,"parent":0,"menu_order":0,"comment_status":"closed","ping_status":"closed","template":"","meta":{"footnotes":""},"class_list":["post-406","page","type-page","status-publish","hentry"],"aioseo_notices":[],"_links":{"self":[{"href":"https:\/\/centropodologicocrevillente.com\/index.php?rest_route=\/wp\/v2\/pages\/406","targetHints":{"allow":["GET"]}}],"collection":[{"href":"https:\/\/centropodologicocrevillente.com\/index.php?rest_route=\/wp\/v2\/pages"}],"about":[{"href":"https:\/\/centropodologicocrevillente.com\/index.php?rest_route=\/wp\/v2\/types\/page"}],"author":[{"embeddable":true,"href":"https:\/\/centropodologicocrevillente.com\/index.php?rest_route=\/wp\/v2\/users\/1"}],"replies":[{"embeddable":true,"href":"https:\/\/centropodologicocrevillente.com\/index.php?rest_route=%2Fwp%2Fv2%2Fcomments&post=406"}],"version-history":[{"count":1,"href":"https:\/\/centropodologicocrevillente.com\/index.php?rest_route=\/wp\/v2\/pages\/406\/revisions"}],"predecessor-version":[{"id":407,"href":"https:\/\/centropodologicocrevillente.com\/index.php?rest_route=\/wp\/v2\/pages\/406\/revisions\/407"}],"wp:attachment":[{"href":"https:\/\/centropodologicocrevillente.com\/index.php?rest_route=%2Fwp%2Fv2%2Fmedia&parent=406"}],"curies":[{"name":"wp","href":"https:\/\/api.w.org\/{rel}","templated":true}]}}