{"id":400,"date":"2016-04-08T15:50:09","date_gmt":"2016-04-08T15:50:09","guid":{"rendered":"https:\/\/centropodologicocrevillente.com\/?page_id=400"},"modified":"2016-04-08T15:50:09","modified_gmt":"2016-04-08T15:50:09","slug":"consejos-pie-diabetico","status":"publish","type":"page","link":"https:\/\/centropodologicocrevillente.com\/?page_id=400","title":{"rendered":"Consejos Pie Di\u00e1betico"},"content":{"rendered":"<p>-Examinar los pies todos los d\u00edas y comprobar que no haya enrojecimiento, hinchaz\u00f3n, callos, durezas, u\u00f1as encarnadas o cortes en la piel.<\/p>\n<p>-Lavar los pies a diario con jab\u00f3n neutro y agua templada.<\/p>\n<p>-Secarlos bien.<\/p>\n<p>-Utilizar crema hidratante pero no entre los dedos.<\/p>\n<p>-Es preferible limar las u\u00f1as con una lima de cart\u00f3n mejor que cortarlas.<\/p>\n<p>-No aplicar calor o fr\u00edo directamente sobre los pies.<\/p>\n<p>-Utilizar calcetines y medias de algod\u00f3n o lana, sin costuras ni el\u00e1sticos que opriman. Cambiarlos todos los d\u00edas.<\/p>\n<p>-Llevar solamente zapatos c\u00f3modos y flexibles de cuero sin mucho tac\u00f3n y con puntera redondeada.<\/p>\n<p>-No caminar descalzo, ni siquiera dentro de casa.<\/p>\n","protected":false},"excerpt":{"rendered":"<p>-Examinar los pies todos los d\u00edas y comprobar que no haya enrojecimiento, hinchaz\u00f3n, callos, durezas, u\u00f1as encarnadas o cortes en la piel. -Lavar los pies a diario con jab\u00f3n neutro [&hellip;]<\/p>\n","protected":false},"author":1,"featured_media":0,"parent":0,"menu_order":0,"comment_status":"closed","ping_status":"closed","template":"","meta":{"footnotes":""},"class_list":["post-400","page","type-page","status-publish","hentry"],"aioseo_notices":[],"_links":{"self":[{"href":"https:\/\/centropodologicocrevillente.com\/index.php?rest_route=\/wp\/v2\/pages\/400","targetHints":{"allow":["GET"]}}],"collection":[{"href":"https:\/\/centropodologicocrevillente.com\/index.php?rest_route=\/wp\/v2\/pages"}],"about":[{"href":"https:\/\/centropodologicocrevillente.com\/index.php?rest_route=\/wp\/v2\/types\/page"}],"author":[{"embeddable":true,"href":"https:\/\/centropodologicocrevillente.com\/index.php?rest_route=\/wp\/v2\/users\/1"}],"replies":[{"embeddable":true,"href":"https:\/\/centropodologicocrevillente.com\/index.php?rest_route=%2Fwp%2Fv2%2Fcomments&post=400"}],"version-history":[{"count":1,"href":"https:\/\/centropodologicocrevillente.com\/index.php?rest_route=\/wp\/v2\/pages\/400\/revisions"}],"predecessor-version":[{"id":401,"href":"https:\/\/centropodologicocrevillente.com\/index.php?rest_route=\/wp\/v2\/pages\/400\/revisions\/401"}],"wp:attachment":[{"href":"https:\/\/centropodologicocrevillente.com\/index.php?rest_route=%2Fwp%2Fv2%2Fmedia&parent=400"}],"curies":[{"name":"wp","href":"https:\/\/api.w.org\/{rel}","templated":true}]}}