{"id":398,"date":"2016-04-08T15:50:09","date_gmt":"2016-04-08T15:50:09","guid":{"rendered":"https:\/\/centropodologicocrevillente.com\/?page_id=398"},"modified":"2016-04-08T15:50:09","modified_gmt":"2016-04-08T15:50:09","slug":"generales","status":"publish","type":"page","link":"https:\/\/centropodologicocrevillente.com\/?page_id=398","title":{"rendered":"Generales"},"content":{"rendered":"<p>1- Usar un buen calzado que permita la adecuada\u00a0 transpiraci\u00f3n del pie. Limpieza interior del calzado.<\/p>\n<p>2- Evitar las fibras y licras en calcetines para evitar compresiones y estrangulaciones de la circulaci\u00f3n de retorno, as\u00ed como la sudoraci\u00f3n.<\/p>\n<p>3- Mantener una Higiene adecuada y secar muy bien los pies y entre los dedos.<\/p>\n<p>4- Cortar las u\u00f1as rectas y NO llevarlas continuamente pintadas.<\/p>\n<p>5- Realizar alg\u00fan deporte moderado, a ser posible fuera de terrenos irregulares y con el\u00a0 calzado adecuado.<\/p>\n<p>6- Aplicar crema hidratante, nunca entre los dedos.<\/p>\n<p>7-Es muy importante que nos observemos los pies cada d\u00eda para detectar cualquier lesi\u00f3n, sobretodo si usted es diab\u00e9tico o tiene una enfermedad circulatoria importante<\/p>\n<p>8-Nunca deben usar las cremas o parches callicidas sin la recomendaci\u00f3n de su pod\u00f3logo, pues producen quemaduras muy serias.<\/p>\n<p>Si es usted diab\u00e9tico,<strong> totalmente prohibido<\/strong> las cremas con salic\u00edlico y parches callicidas<\/p>\n","protected":false},"excerpt":{"rendered":"<p>1- Usar un buen calzado que permita la adecuada\u00a0 transpiraci\u00f3n del pie. Limpieza interior del calzado. 2- Evitar las fibras y licras en calcetines para evitar compresiones y estrangulaciones de [&hellip;]<\/p>\n","protected":false},"author":1,"featured_media":0,"parent":0,"menu_order":0,"comment_status":"closed","ping_status":"closed","template":"","meta":{"footnotes":""},"class_list":["post-398","page","type-page","status-publish","hentry"],"aioseo_notices":[],"_links":{"self":[{"href":"https:\/\/centropodologicocrevillente.com\/index.php?rest_route=\/wp\/v2\/pages\/398","targetHints":{"allow":["GET"]}}],"collection":[{"href":"https:\/\/centropodologicocrevillente.com\/index.php?rest_route=\/wp\/v2\/pages"}],"about":[{"href":"https:\/\/centropodologicocrevillente.com\/index.php?rest_route=\/wp\/v2\/types\/page"}],"author":[{"embeddable":true,"href":"https:\/\/centropodologicocrevillente.com\/index.php?rest_route=\/wp\/v2\/users\/1"}],"replies":[{"embeddable":true,"href":"https:\/\/centropodologicocrevillente.com\/index.php?rest_route=%2Fwp%2Fv2%2Fcomments&post=398"}],"version-history":[{"count":1,"href":"https:\/\/centropodologicocrevillente.com\/index.php?rest_route=\/wp\/v2\/pages\/398\/revisions"}],"predecessor-version":[{"id":399,"href":"https:\/\/centropodologicocrevillente.com\/index.php?rest_route=\/wp\/v2\/pages\/398\/revisions\/399"}],"wp:attachment":[{"href":"https:\/\/centropodologicocrevillente.com\/index.php?rest_route=%2Fwp%2Fv2%2Fmedia&parent=398"}],"curies":[{"name":"wp","href":"https:\/\/api.w.org\/{rel}","templated":true}]}}