{"id":388,"date":"2016-04-08T15:50:09","date_gmt":"2016-04-08T15:50:09","guid":{"rendered":"https:\/\/centropodologicocrevillente.com\/?page_id=388"},"modified":"2016-04-08T15:50:09","modified_gmt":"2016-04-08T15:50:09","slug":"espolon-calcaneo","status":"publish","type":"page","link":"https:\/\/centropodologicocrevillente.com\/?page_id=388","title":{"rendered":"Espol\u00f3n calc\u00e1neo"},"content":{"rendered":"<p>Se trata de una\u00a0osificaci\u00f3n\u00a0situada en la superficie del hueso\u00a0calc\u00e1neo, ocasionada por\u00a0calzados\u00a0inadecuados o malas posturas al estar de pie. Cuando se complica con\u00a0inflamaci\u00f3n\u00a0de la fascia (fascitis plantar) se presenta la sensaci\u00f3n de dolor caracter\u00edstica de la afecci\u00f3n.<\/p>\n","protected":false},"excerpt":{"rendered":"<p>Se trata de una\u00a0osificaci\u00f3n\u00a0situada en la superficie del hueso\u00a0calc\u00e1neo, ocasionada por\u00a0calzados\u00a0inadecuados o malas posturas al estar de pie. Cuando se complica con\u00a0inflamaci\u00f3n\u00a0de la fascia (fascitis plantar) se presenta la sensaci\u00f3n [&hellip;]<\/p>\n","protected":false},"author":1,"featured_media":0,"parent":0,"menu_order":0,"comment_status":"closed","ping_status":"closed","template":"","meta":{"footnotes":""},"class_list":["post-388","page","type-page","status-publish","hentry"],"aioseo_notices":[],"_links":{"self":[{"href":"https:\/\/centropodologicocrevillente.com\/index.php?rest_route=\/wp\/v2\/pages\/388","targetHints":{"allow":["GET"]}}],"collection":[{"href":"https:\/\/centropodologicocrevillente.com\/index.php?rest_route=\/wp\/v2\/pages"}],"about":[{"href":"https:\/\/centropodologicocrevillente.com\/index.php?rest_route=\/wp\/v2\/types\/page"}],"author":[{"embeddable":true,"href":"https:\/\/centropodologicocrevillente.com\/index.php?rest_route=\/wp\/v2\/users\/1"}],"replies":[{"embeddable":true,"href":"https:\/\/centropodologicocrevillente.com\/index.php?rest_route=%2Fwp%2Fv2%2Fcomments&post=388"}],"version-history":[{"count":1,"href":"https:\/\/centropodologicocrevillente.com\/index.php?rest_route=\/wp\/v2\/pages\/388\/revisions"}],"predecessor-version":[{"id":389,"href":"https:\/\/centropodologicocrevillente.com\/index.php?rest_route=\/wp\/v2\/pages\/388\/revisions\/389"}],"wp:attachment":[{"href":"https:\/\/centropodologicocrevillente.com\/index.php?rest_route=%2Fwp%2Fv2%2Fmedia&parent=388"}],"curies":[{"name":"wp","href":"https:\/\/api.w.org\/{rel}","templated":true}]}}