{"id":386,"date":"2016-04-08T15:50:09","date_gmt":"2016-04-08T15:50:09","guid":{"rendered":"https:\/\/centropodologicocrevillente.com\/?page_id=386"},"modified":"2016-04-08T15:50:09","modified_gmt":"2016-04-08T15:50:09","slug":"helomas","status":"publish","type":"page","link":"https:\/\/centropodologicocrevillente.com\/?page_id=386","title":{"rendered":"Helomas"},"content":{"rendered":"<p><strong>Helomas dorsales<\/strong>: Las causas generales de los helomas dorsales , son como consecuencia de los defectos de alineaci\u00f3n de\u00a0los dedos, por la hiperpresi\u00f3n a roce de la cabeza de la falange contra el calzado,\u00a0 el lugar de aparici\u00f3n de estos helomas depender\u00e1 de la forma que adopte el dedo, pudi\u00e9ndose presentar tres deformaciones:\u00a0en garra, en martillo o en mazo, el callo se formar\u00e1 bien en la\u00a0\u00a0 articulaci\u00f3n interfal\u00e1ngica pr\u00f3ximal, en la distal o en el pulpejo o yema del dedo.<\/p>\n<p>&nbsp;<\/p>\n<p><a href=\"https:\/\/centropodologicocrevillente.com\/wp-content\/uploads\/2016\/04\/2-1-e1460126632567.jpg\" rel=\"attachment wp-att-316\"><img loading=\"lazy\" decoding=\"async\" class=\"alignnone size-medium wp-image-316\" src=\"https:\/\/centropodologicocrevillente.com\/wp-content\/uploads\/2016\/04\/2-1-e1460126632567-300x181.jpg\" alt=\"2\" width=\"300\" height=\"181\" data-id=\"316\" srcset=\"https:\/\/centropodologicocrevillente.com\/wp-content\/uploads\/2016\/04\/2-1-e1460126632567-300x181.jpg 300w, https:\/\/centropodologicocrevillente.com\/wp-content\/uploads\/2016\/04\/2-1-e1460126632567-768x463.jpg 768w, https:\/\/centropodologicocrevillente.com\/wp-content\/uploads\/2016\/04\/2-1-e1460126632567-1024x618.jpg 1024w, https:\/\/centropodologicocrevillente.com\/wp-content\/uploads\/2016\/04\/2-1-e1460126632567.jpg 1960w\" sizes=\"auto, (max-width: 300px) 100vw, 300px\" \/><\/a>\u00a0 \u00a0 \u00a0\u00a0<a href=\"https:\/\/centropodologicocrevillente.com\/wp-content\/uploads\/2016\/04\/2a-1.jpg\" rel=\"attachment wp-att-317\"><img loading=\"lazy\" decoding=\"async\" class=\"alignnone size-medium wp-image-317\" src=\"https:\/\/centropodologicocrevillente.com\/wp-content\/uploads\/2016\/04\/2a-1-300x225.jpg\" alt=\"2a\" width=\"300\" height=\"225\" data-id=\"317\" srcset=\"https:\/\/centropodologicocrevillente.com\/wp-content\/uploads\/2016\/04\/2a-1-300x225.jpg 300w, https:\/\/centropodologicocrevillente.com\/wp-content\/uploads\/2016\/04\/2a-1-768x576.jpg 768w, https:\/\/centropodologicocrevillente.com\/wp-content\/uploads\/2016\/04\/2a-1-1024x768.jpg 1024w, https:\/\/centropodologicocrevillente.com\/wp-content\/uploads\/2016\/04\/2a-1.jpg 2048w\" sizes=\"auto, (max-width: 300px) 100vw, 300px\" \/><\/a><\/p>\n<hr \/>\n<p><strong>Helomas interdigitales<\/strong>: Los helomas interdigitales se producen como consecuencia\u00a0\u00a0de la irritaci\u00f3n persistente y continuada de dos dedos, debido a una prominencia \u00f3sea adyacente que da como resultado la formaci\u00f3n de un heloma o callosidad dolorosa.<\/p>\n","protected":false},"excerpt":{"rendered":"<p>Helomas dorsales: Las causas generales de los helomas dorsales , son como consecuencia de los defectos de alineaci\u00f3n de\u00a0los dedos, por la hiperpresi\u00f3n a roce de la cabeza de la [&hellip;]<\/p>\n","protected":false},"author":1,"featured_media":0,"parent":0,"menu_order":0,"comment_status":"closed","ping_status":"closed","template":"","meta":{"footnotes":""},"class_list":["post-386","page","type-page","status-publish","hentry"],"aioseo_notices":[],"_links":{"self":[{"href":"https:\/\/centropodologicocrevillente.com\/index.php?rest_route=\/wp\/v2\/pages\/386","targetHints":{"allow":["GET"]}}],"collection":[{"href":"https:\/\/centropodologicocrevillente.com\/index.php?rest_route=\/wp\/v2\/pages"}],"about":[{"href":"https:\/\/centropodologicocrevillente.com\/index.php?rest_route=\/wp\/v2\/types\/page"}],"author":[{"embeddable":true,"href":"https:\/\/centropodologicocrevillente.com\/index.php?rest_route=\/wp\/v2\/users\/1"}],"replies":[{"embeddable":true,"href":"https:\/\/centropodologicocrevillente.com\/index.php?rest_route=%2Fwp%2Fv2%2Fcomments&post=386"}],"version-history":[{"count":3,"href":"https:\/\/centropodologicocrevillente.com\/index.php?rest_route=\/wp\/v2\/pages\/386\/revisions"}],"predecessor-version":[{"id":422,"href":"https:\/\/centropodologicocrevillente.com\/index.php?rest_route=\/wp\/v2\/pages\/386\/revisions\/422"}],"wp:attachment":[{"href":"https:\/\/centropodologicocrevillente.com\/index.php?rest_route=%2Fwp%2Fv2%2Fmedia&parent=386"}],"curies":[{"name":"wp","href":"https:\/\/api.w.org\/{rel}","templated":true}]}}