{"id":384,"date":"2016-04-08T15:50:09","date_gmt":"2016-04-08T15:50:09","guid":{"rendered":"https:\/\/centropodologicocrevillente.com\/?page_id=384"},"modified":"2016-04-08T16:02:59","modified_gmt":"2016-04-08T16:02:59","slug":"exostosis","status":"publish","type":"page","link":"https:\/\/centropodologicocrevillente.com\/?page_id=384","title":{"rendered":"Ex\u00f3stosis"},"content":{"rendered":"<p>Proliferaci\u00f3n osteocartilaginosa benigna, de car\u00e1cter reactivo m\u00e1s que neopl\u00e1sico, que presenta una aparici\u00f3n lenta y dolorosa y con una localizaci\u00f3n preferente en la zona dorsal de la falange distal de un dedo, que con frecuencia es el primer dedo del pie.<\/p>\n<p>&nbsp;<\/p>\n","protected":false},"excerpt":{"rendered":"<p>Proliferaci\u00f3n osteocartilaginosa benigna, de car\u00e1cter reactivo m\u00e1s que neopl\u00e1sico, que presenta una aparici\u00f3n lenta y dolorosa y con una localizaci\u00f3n preferente en la zona dorsal de la falange distal de [&hellip;]<\/p>\n","protected":false},"author":1,"featured_media":0,"parent":0,"menu_order":0,"comment_status":"closed","ping_status":"closed","template":"","meta":{"footnotes":""},"class_list":["post-384","page","type-page","status-publish","hentry"],"aioseo_notices":[],"_links":{"self":[{"href":"https:\/\/centropodologicocrevillente.com\/index.php?rest_route=\/wp\/v2\/pages\/384","targetHints":{"allow":["GET"]}}],"collection":[{"href":"https:\/\/centropodologicocrevillente.com\/index.php?rest_route=\/wp\/v2\/pages"}],"about":[{"href":"https:\/\/centropodologicocrevillente.com\/index.php?rest_route=\/wp\/v2\/types\/page"}],"author":[{"embeddable":true,"href":"https:\/\/centropodologicocrevillente.com\/index.php?rest_route=\/wp\/v2\/users\/1"}],"replies":[{"embeddable":true,"href":"https:\/\/centropodologicocrevillente.com\/index.php?rest_route=%2Fwp%2Fv2%2Fcomments&post=384"}],"version-history":[{"count":1,"href":"https:\/\/centropodologicocrevillente.com\/index.php?rest_route=\/wp\/v2\/pages\/384\/revisions"}],"predecessor-version":[{"id":385,"href":"https:\/\/centropodologicocrevillente.com\/index.php?rest_route=\/wp\/v2\/pages\/384\/revisions\/385"}],"wp:attachment":[{"href":"https:\/\/centropodologicocrevillente.com\/index.php?rest_route=%2Fwp%2Fv2%2Fmedia&parent=384"}],"curies":[{"name":"wp","href":"https:\/\/api.w.org\/{rel}","templated":true}]}}