{"id":371,"date":"2016-04-08T15:50:30","date_gmt":"2016-04-08T15:50:30","guid":{"rendered":"https:\/\/centropodologicocrevillente.com\/?page_id=371"},"modified":"2016-04-08T17:17:51","modified_gmt":"2016-04-08T17:17:51","slug":"una-encarnada","status":"publish","type":"page","link":"https:\/\/centropodologicocrevillente.com\/?page_id=371","title":{"rendered":"Cirug\u00eda de la u\u00f1a encarnada"},"content":{"rendered":"<p>Se presenta cuando el borde de la u\u00f1a se entierra dentro de la piel del dedo del pie. Es posible que se presente dolor, enrojecimiento e inflamaci\u00f3n alrededor de la u\u00f1a. Puede ser el resultado de muchos factores, pero los zapatos que no ajustan bien y las u\u00f1as del pie que no se arreglan adecuadamente son las causas m\u00e1s comunes. La piel a lo largo del borde de una u\u00f1a del pie puede ponerse roja y resultar infectada. El dedo gordo del pie por lo general est\u00e1 afectado, pero cualquier u\u00f1a del pie puede resultar encarnada.<\/p>\n<p>&nbsp;<\/p>\n<p><a href=\"https:\/\/centropodologicocrevillente.com\/wp-content\/uploads\/2016\/04\/2.jpg\" rel=\"attachment wp-att-312\"><img loading=\"lazy\" decoding=\"async\" class=\"alignnone size-medium wp-image-312\" src=\"https:\/\/centropodologicocrevillente.com\/wp-content\/uploads\/2016\/04\/2-300x203.jpg\" alt=\"2\" width=\"300\" height=\"203\" data-id=\"312\" srcset=\"https:\/\/centropodologicocrevillente.com\/wp-content\/uploads\/2016\/04\/2-300x203.jpg 300w, https:\/\/centropodologicocrevillente.com\/wp-content\/uploads\/2016\/04\/2-768x520.jpg 768w, https:\/\/centropodologicocrevillente.com\/wp-content\/uploads\/2016\/04\/2-1024x693.jpg 1024w, https:\/\/centropodologicocrevillente.com\/wp-content\/uploads\/2016\/04\/2.jpg 1212w\" sizes=\"auto, (max-width: 300px) 100vw, 300px\" \/><\/a> <a href=\"https:\/\/centropodologicocrevillente.com\/wp-content\/uploads\/2016\/04\/2a.jpg\" rel=\"attachment wp-att-313\"><img loading=\"lazy\" decoding=\"async\" class=\"alignnone size-medium wp-image-313\" src=\"https:\/\/centropodologicocrevillente.com\/wp-content\/uploads\/2016\/04\/2a-300x201.jpg\" alt=\"2a\" width=\"300\" height=\"201\" data-id=\"313\" srcset=\"https:\/\/centropodologicocrevillente.com\/wp-content\/uploads\/2016\/04\/2a-300x201.jpg 300w, https:\/\/centropodologicocrevillente.com\/wp-content\/uploads\/2016\/04\/2a-768x513.jpg 768w, https:\/\/centropodologicocrevillente.com\/wp-content\/uploads\/2016\/04\/2a-1024x684.jpg 1024w, https:\/\/centropodologicocrevillente.com\/wp-content\/uploads\/2016\/04\/2a.jpg 1779w\" sizes=\"auto, (max-width: 300px) 100vw, 300px\" \/><\/a><\/p>\n<p>&nbsp;<\/p>\n<p><a href=\"https:\/\/centropodologicocrevillente.com\/wp-content\/uploads\/2016\/04\/1.jpg\" rel=\"attachment wp-att-310\"><img loading=\"lazy\" decoding=\"async\" class=\"alignnone size-medium wp-image-310\" src=\"https:\/\/centropodologicocrevillente.com\/wp-content\/uploads\/2016\/04\/1-300x225.jpg\" alt=\"1\" width=\"300\" height=\"225\" data-id=\"310\" srcset=\"https:\/\/centropodologicocrevillente.com\/wp-content\/uploads\/2016\/04\/1-300x225.jpg 300w, https:\/\/centropodologicocrevillente.com\/wp-content\/uploads\/2016\/04\/1-768x576.jpg 768w, https:\/\/centropodologicocrevillente.com\/wp-content\/uploads\/2016\/04\/1-1024x768.jpg 1024w, https:\/\/centropodologicocrevillente.com\/wp-content\/uploads\/2016\/04\/1.jpg 2048w\" sizes=\"auto, (max-width: 300px) 100vw, 300px\" \/><\/a> <a href=\"https:\/\/centropodologicocrevillente.com\/wp-content\/uploads\/2016\/04\/1a.jpg\" rel=\"attachment wp-att-311\"><img loading=\"lazy\" decoding=\"async\" class=\"alignnone size-medium wp-image-311\" src=\"https:\/\/centropodologicocrevillente.com\/wp-content\/uploads\/2016\/04\/1a-300x176.jpg\" alt=\"1a\" width=\"300\" height=\"176\" data-id=\"311\" srcset=\"https:\/\/centropodologicocrevillente.com\/wp-content\/uploads\/2016\/04\/1a-300x176.jpg 300w, https:\/\/centropodologicocrevillente.com\/wp-content\/uploads\/2016\/04\/1a-768x450.jpg 768w, https:\/\/centropodologicocrevillente.com\/wp-content\/uploads\/2016\/04\/1a-1024x601.jpg 1024w\" sizes=\"auto, (max-width: 300px) 100vw, 300px\" \/><\/a><\/p>\n","protected":false},"excerpt":{"rendered":"<p>Se presenta cuando el borde de la u\u00f1a se entierra dentro de la piel del dedo del pie. Es posible que se presente dolor, enrojecimiento e inflamaci\u00f3n alrededor de la [&hellip;]<\/p>\n","protected":false},"author":1,"featured_media":0,"parent":0,"menu_order":0,"comment_status":"closed","ping_status":"closed","template":"","meta":{"footnotes":""},"class_list":["post-371","page","type-page","status-publish","hentry"],"aioseo_notices":[],"_links":{"self":[{"href":"https:\/\/centropodologicocrevillente.com\/index.php?rest_route=\/wp\/v2\/pages\/371","targetHints":{"allow":["GET"]}}],"collection":[{"href":"https:\/\/centropodologicocrevillente.com\/index.php?rest_route=\/wp\/v2\/pages"}],"about":[{"href":"https:\/\/centropodologicocrevillente.com\/index.php?rest_route=\/wp\/v2\/types\/page"}],"author":[{"embeddable":true,"href":"https:\/\/centropodologicocrevillente.com\/index.php?rest_route=\/wp\/v2\/users\/1"}],"replies":[{"embeddable":true,"href":"https:\/\/centropodologicocrevillente.com\/index.php?rest_route=%2Fwp%2Fv2%2Fcomments&post=371"}],"version-history":[{"count":4,"href":"https:\/\/centropodologicocrevillente.com\/index.php?rest_route=\/wp\/v2\/pages\/371\/revisions"}],"predecessor-version":[{"id":426,"href":"https:\/\/centropodologicocrevillente.com\/index.php?rest_route=\/wp\/v2\/pages\/371\/revisions\/426"}],"wp:attachment":[{"href":"https:\/\/centropodologicocrevillente.com\/index.php?rest_route=%2Fwp%2Fv2%2Fmedia&parent=371"}],"curies":[{"name":"wp","href":"https:\/\/api.w.org\/{rel}","templated":true}]}}