{"id":343,"date":"2016-04-08T15:50:30","date_gmt":"2016-04-08T15:50:30","guid":{"rendered":"https:\/\/centropodologicocrevillente.com\/?page_id=343"},"modified":"2016-04-08T15:50:30","modified_gmt":"2016-04-08T15:50:30","slug":"tratamiento-pie-diabetico","status":"publish","type":"page","link":"https:\/\/centropodologicocrevillente.com\/?page_id=343","title":{"rendered":"Tratamiento Pie Diab\u00e9tico"},"content":{"rendered":"<p>La diabetes y los pies:<\/p>\n<p>Las personas con diabetes tienen una especial predisposici\u00f3n a sufrir determinados problemas en los pies como consecuencia de la propia diabetes.<\/p>\n<p>Las complicaciones m\u00e1s graves se producen en personas que no han controlado bien su diabetes durante a\u00f1os. A\u00fan as\u00ed, adoptar medidas preventivas desde el principio, es la mejor manera de evitar peque\u00f1as lesiones y complicaciones a largo plazo.<\/p>\n<p>Los pies son mas vulnerables a las lesiones debido a:<\/p>\n<p>-Mayor riesgo de sufrir infecciones, a causa de los elevados niveles de glucemia.<\/p>\n<p>-Posible empeoramiento de la circulaci\u00f3n en la parte baja de las piernas y en los pies.<\/p>\n<p>-P\u00e9rdida de sensibilidad a largo plazo.<\/p>\n","protected":false},"excerpt":{"rendered":"<p>La diabetes y los pies: Las personas con diabetes tienen una especial predisposici\u00f3n a sufrir determinados problemas en los pies como consecuencia de la propia diabetes. Las complicaciones m\u00e1s graves [&hellip;]<\/p>\n","protected":false},"author":1,"featured_media":0,"parent":0,"menu_order":0,"comment_status":"closed","ping_status":"closed","template":"","meta":{"footnotes":""},"class_list":["post-343","page","type-page","status-publish","hentry"],"aioseo_notices":[],"_links":{"self":[{"href":"https:\/\/centropodologicocrevillente.com\/index.php?rest_route=\/wp\/v2\/pages\/343","targetHints":{"allow":["GET"]}}],"collection":[{"href":"https:\/\/centropodologicocrevillente.com\/index.php?rest_route=\/wp\/v2\/pages"}],"about":[{"href":"https:\/\/centropodologicocrevillente.com\/index.php?rest_route=\/wp\/v2\/types\/page"}],"author":[{"embeddable":true,"href":"https:\/\/centropodologicocrevillente.com\/index.php?rest_route=\/wp\/v2\/users\/1"}],"replies":[{"embeddable":true,"href":"https:\/\/centropodologicocrevillente.com\/index.php?rest_route=%2Fwp%2Fv2%2Fcomments&post=343"}],"version-history":[{"count":2,"href":"https:\/\/centropodologicocrevillente.com\/index.php?rest_route=\/wp\/v2\/pages\/343\/revisions"}],"predecessor-version":[{"id":366,"href":"https:\/\/centropodologicocrevillente.com\/index.php?rest_route=\/wp\/v2\/pages\/343\/revisions\/366"}],"wp:attachment":[{"href":"https:\/\/centropodologicocrevillente.com\/index.php?rest_route=%2Fwp%2Fv2%2Fmedia&parent=343"}],"curies":[{"name":"wp","href":"https:\/\/api.w.org\/{rel}","templated":true}]}}