{"id":174,"date":"2016-01-21T13:49:33","date_gmt":"2016-01-21T13:49:33","guid":{"rendered":"https:\/\/centropodologicocrevillente.com\/?page_id=174"},"modified":"2016-04-08T15:50:30","modified_gmt":"2016-04-08T15:50:30","slug":"papilomas","status":"publish","type":"page","link":"https:\/\/centropodologicocrevillente.com\/?page_id=174","title":{"rendered":"Verrugas plantares (papilomas)"},"content":{"rendered":"<p>Las verrugas plantares:<\/p>\n<p>Son lesiones peque\u00f1as que aparecen en las plantas de los pies, tienen la apariencia de una coliflor y pueden tener peque\u00f1as manchas negras en su superficie. Debido a la presi\u00f3n que ejerce el cuerpo sobre las plantas de los pies, puede formarse un endurecimiento de la piel encima de la verruga. Las verrugas pueden ser dolorosas o no serlo, seg\u00fan su tama\u00f1o, tiempo de evoluci\u00f3n, localizaci\u00f3n y subtipo de virus del papiloma humano. Esta clase de verrugas suele crecer hacia adentro del pie. Poseen unas ra\u00edces que a medida que m\u00e1s tiempo pasan, m\u00e1s se implantan en la piel, y m\u00e1s dolor causa, por eso es importante tratarlas lo m\u00e1s r\u00e1pido posible.<\/p>\n<p>Se transmiten com\u00fanmente en ba\u00f1os y piscinas p\u00fablicas, al compartir zapatos, etc\u00e9tera.<\/p>\n<p>Los eliminamos mediante un tratamiento espec\u00edfico.<\/p>\n<p>&nbsp;<\/p>\n<p>ANTES \u00a0 \u00a0 \u00a0 \u00a0 \u00a0 \u00a0 \u00a0 \u00a0 \u00a0 \u00a0 \u00a0 \u00a0 \u00a0 \u00a0 \u00a0 \u00a0 \u00a0 \u00a0 \u00a0 \u00a0 \u00a0 \u00a0 \u00a0 \u00a0 \u00a0 \u00a0 \u00a0 \u00a0 \u00a0 \u00a0 \u00a0 \u00a0 \u00a0 \u00a0 \u00a0 \u00a0 \u00a0 \u00a0 \u00a0DESPU\u00c9S<\/p>\n<p><a href=\"https:\/\/centropodologicocrevillente.com\/wp-content\/uploads\/2016\/01\/IMG_20160203_091011.jpg\" rel=\"attachment wp-att-359\"><img loading=\"lazy\" decoding=\"async\" class=\"alignnone size-medium wp-image-359\" src=\"https:\/\/centropodologicocrevillente.com\/wp-content\/uploads\/2016\/01\/IMG_20160203_091011-300x168.jpg\" alt=\"IMG_20160203_091011\" width=\"300\" height=\"168\" data-id=\"359\" srcset=\"https:\/\/centropodologicocrevillente.com\/wp-content\/uploads\/2016\/01\/IMG_20160203_091011-300x168.jpg 300w, https:\/\/centropodologicocrevillente.com\/wp-content\/uploads\/2016\/01\/IMG_20160203_091011-768x431.jpg 768w, https:\/\/centropodologicocrevillente.com\/wp-content\/uploads\/2016\/01\/IMG_20160203_091011-1024x575.jpg 1024w\" sizes=\"auto, (max-width: 300px) 100vw, 300px\" \/><\/a> <a href=\"https:\/\/centropodologicocrevillente.com\/wp-content\/uploads\/2016\/01\/IMG_20160216_200346.jpg\" rel=\"attachment wp-att-360\"><img loading=\"lazy\" decoding=\"async\" class=\"alignnone size-medium wp-image-360\" src=\"https:\/\/centropodologicocrevillente.com\/wp-content\/uploads\/2016\/01\/IMG_20160216_200346-300x168.jpg\" alt=\"IMG_20160216_200346\" width=\"300\" height=\"168\" data-id=\"360\" srcset=\"https:\/\/centropodologicocrevillente.com\/wp-content\/uploads\/2016\/01\/IMG_20160216_200346-300x168.jpg 300w, https:\/\/centropodologicocrevillente.com\/wp-content\/uploads\/2016\/01\/IMG_20160216_200346-768x431.jpg 768w, https:\/\/centropodologicocrevillente.com\/wp-content\/uploads\/2016\/01\/IMG_20160216_200346-1024x575.jpg 1024w\" sizes=\"auto, (max-width: 300px) 100vw, 300px\" \/><\/a><\/p>\n","protected":false},"excerpt":{"rendered":"<p>Las verrugas plantares: Son lesiones peque\u00f1as que aparecen en las plantas de los pies, tienen la apariencia de una coliflor y pueden tener peque\u00f1as manchas negras en su superficie. Debido [&hellip;]<\/p>\n","protected":false},"author":1,"featured_media":0,"parent":0,"menu_order":0,"comment_status":"closed","ping_status":"closed","template":"","meta":{"footnotes":""},"class_list":["post-174","page","type-page","status-publish","hentry"],"aioseo_notices":[],"_links":{"self":[{"href":"https:\/\/centropodologicocrevillente.com\/index.php?rest_route=\/wp\/v2\/pages\/174","targetHints":{"allow":["GET"]}}],"collection":[{"href":"https:\/\/centropodologicocrevillente.com\/index.php?rest_route=\/wp\/v2\/pages"}],"about":[{"href":"https:\/\/centropodologicocrevillente.com\/index.php?rest_route=\/wp\/v2\/types\/page"}],"author":[{"embeddable":true,"href":"https:\/\/centropodologicocrevillente.com\/index.php?rest_route=\/wp\/v2\/users\/1"}],"replies":[{"embeddable":true,"href":"https:\/\/centropodologicocrevillente.com\/index.php?rest_route=%2Fwp%2Fv2%2Fcomments&post=174"}],"version-history":[{"count":2,"href":"https:\/\/centropodologicocrevillente.com\/index.php?rest_route=\/wp\/v2\/pages\/174\/revisions"}],"predecessor-version":[{"id":361,"href":"https:\/\/centropodologicocrevillente.com\/index.php?rest_route=\/wp\/v2\/pages\/174\/revisions\/361"}],"wp:attachment":[{"href":"https:\/\/centropodologicocrevillente.com\/index.php?rest_route=%2Fwp%2Fv2%2Fmedia&parent=174"}],"curies":[{"name":"wp","href":"https:\/\/api.w.org\/{rel}","templated":true}]}}