{"id":172,"date":"2016-01-21T13:49:33","date_gmt":"2016-01-21T13:49:33","guid":{"rendered":"https:\/\/centropodologicocrevillente.com\/?page_id=172"},"modified":"2017-11-10T11:54:30","modified_gmt":"2017-11-10T11:54:30","slug":"tratamiento-del-dolor-infiltracion-de-colageno","status":"publish","type":"page","link":"https:\/\/centropodologicocrevillente.com\/?page_id=172","title":{"rendered":"Tratamiento del Dolor m\u00fasculo-articular con Col\u00e1geno"},"content":{"rendered":"<p><strong>\u00bfQu\u00e9 es el col\u00e1geno?<\/strong><\/p>\n<p>Es una prote\u00edna que se encuentra en la piel, los ligamentos, los tendones, los m\u00fasculos, los cart\u00edlagos y otros tejidos.<\/p>\n<p>Existen 19 tipos diferentes de col\u00e1geno; siendo el col\u00e1geno tipo I el que se encuentra en mayor cantidad en el cuerpo humano.<\/p>\n<p>El col\u00e1geno:<\/p>\n<p>-Contribuye con la actividad muscular, permitiendo el movimiento.<\/p>\n<p>-Confiere, a los tejidos, hidrataci\u00f3n, resistencia, elasticidad y flexibilidad.<\/p>\n<p>-Tiene funci\u00f3n estructural (de soporte) al mantener la integridad de las estructuras anat\u00f3micas y funcional al aumentar la movilidad y disminuir el dolor.<\/p>\n<p>-Da cohesi\u00f3n a los tejidos.<\/p>\n<p>&nbsp;<\/p>\n<p><strong>\u00bfQu\u00e9 son las inyecciones de col\u00e1geno?<\/strong><\/p>\n<p>Son ampollas inyectables de col\u00e1geno (tipo I), para el tratamiento personalizado de las patolog\u00edas musculo-articulares en podolog\u00eda.<\/p>\n<p>&nbsp;<\/p>\n<p><strong>\u00bfPara que sirven?\u00a0<\/strong><\/p>\n<p>Para tratar una gran variedad de patolog\u00edas:<\/p>\n<p>-Talalgia sin Espol\u00f3n<\/p>\n<p>-Talalgia con Espol\u00f3n<\/p>\n<p>-Fascitis Plantar<\/p>\n<p>-Bursitis Intermetatarsal<\/p>\n<p>-Neuroma de Morton<\/p>\n<p>-Artralgia por \u00abHallux Valgus\u00bb<\/p>\n<p>-Tendinitis Aqu\u00edlea<\/p>\n<p>-Tendinitis Tibial posterior<\/p>\n<p>&nbsp;<\/p>\n<p><strong>\u00bfQu\u00e9 ventajas tienen las inyecciones de col\u00e1geno?\u00a0<\/strong><\/p>\n<p>-Mejora la constituci\u00f3n histol\u00f3gica de la articulaci\u00f3n de los tejidos (tendones, m\u00fasculos).<\/p>\n<p>-Disminuye el dolor.<\/p>\n<p>-Es espec\u00edfico para cada estructura anat\u00f3mica afectada (articulaci\u00f3n y\/o tejido).<\/p>\n<p>-T\u00e9cnica muy poco \u00abagresiva\u00bb,\u00a0 ya que es infiltraci\u00f3n extraarticular (fuera de la articulaci\u00f3n): subcut\u00e1nea, intrad\u00e9rmica o intramuscular.<\/p>\n","protected":false},"excerpt":{"rendered":"<p>\u00bfQu\u00e9 es el col\u00e1geno? Es una prote\u00edna que se encuentra en la piel, los ligamentos, los tendones, los m\u00fasculos, los cart\u00edlagos y otros tejidos. Existen 19 tipos diferentes de col\u00e1geno; [&hellip;]<\/p>\n","protected":false},"author":1,"featured_media":0,"parent":0,"menu_order":0,"comment_status":"closed","ping_status":"closed","template":"","meta":{"footnotes":""},"class_list":["post-172","page","type-page","status-publish","hentry"],"aioseo_notices":[],"_links":{"self":[{"href":"https:\/\/centropodologicocrevillente.com\/index.php?rest_route=\/wp\/v2\/pages\/172","targetHints":{"allow":["GET"]}}],"collection":[{"href":"https:\/\/centropodologicocrevillente.com\/index.php?rest_route=\/wp\/v2\/pages"}],"about":[{"href":"https:\/\/centropodologicocrevillente.com\/index.php?rest_route=\/wp\/v2\/types\/page"}],"author":[{"embeddable":true,"href":"https:\/\/centropodologicocrevillente.com\/index.php?rest_route=\/wp\/v2\/users\/1"}],"replies":[{"embeddable":true,"href":"https:\/\/centropodologicocrevillente.com\/index.php?rest_route=%2Fwp%2Fv2%2Fcomments&post=172"}],"version-history":[{"count":5,"href":"https:\/\/centropodologicocrevillente.com\/index.php?rest_route=\/wp\/v2\/pages\/172\/revisions"}],"predecessor-version":[{"id":478,"href":"https:\/\/centropodologicocrevillente.com\/index.php?rest_route=\/wp\/v2\/pages\/172\/revisions\/478"}],"wp:attachment":[{"href":"https:\/\/centropodologicocrevillente.com\/index.php?rest_route=%2Fwp%2Fv2%2Fmedia&parent=172"}],"curies":[{"name":"wp","href":"https:\/\/api.w.org\/{rel}","templated":true}]}}