{"id":168,"date":"2016-01-21T13:49:33","date_gmt":"2016-01-21T13:49:33","guid":{"rendered":"https:\/\/centropodologicocrevillente.com\/?page_id=168"},"modified":"2016-04-08T15:50:30","modified_gmt":"2016-04-08T15:50:30","slug":"tratamiento-una-encarnada","status":"publish","type":"page","link":"https:\/\/centropodologicocrevillente.com\/?page_id=168","title":{"rendered":"Tratamiento U\u00f1a Encarnada"},"content":{"rendered":"<p>Con la novedosa t\u00e9cnica 3TO-SPANGE para la soluci\u00f3n de la u\u00f1a encarnada sin cirug\u00eda.<\/p>\n<p>&nbsp;<\/p>\n<p><a href=\"https:\/\/centropodologicocrevillente.com\/wp-content\/uploads\/2016\/04\/IMG_20150826_155921.jpg\" rel=\"attachment wp-att-326\"><img loading=\"lazy\" decoding=\"async\" class=\"alignnone size-medium wp-image-326\" src=\"https:\/\/centropodologicocrevillente.com\/wp-content\/uploads\/2016\/04\/IMG_20150826_155921-300x168.jpg\" alt=\"IMG_20150826_155921\" width=\"300\" height=\"168\" data-id=\"326\" srcset=\"https:\/\/centropodologicocrevillente.com\/wp-content\/uploads\/2016\/04\/IMG_20150826_155921-300x168.jpg 300w, https:\/\/centropodologicocrevillente.com\/wp-content\/uploads\/2016\/04\/IMG_20150826_155921-768x431.jpg 768w, https:\/\/centropodologicocrevillente.com\/wp-content\/uploads\/2016\/04\/IMG_20150826_155921-1024x575.jpg 1024w\" sizes=\"auto, (max-width: 300px) 100vw, 300px\" \/><\/a> <a href=\"https:\/\/centropodologicocrevillente.com\/wp-content\/uploads\/2016\/04\/IMG_20150826_162254.jpg\" rel=\"attachment wp-att-328\"><img loading=\"lazy\" decoding=\"async\" class=\"alignnone size-medium wp-image-328\" src=\"https:\/\/centropodologicocrevillente.com\/wp-content\/uploads\/2016\/04\/IMG_20150826_162254-168x300.jpg\" alt=\"IMG_20150826_162254\" width=\"168\" height=\"300\" data-id=\"328\" srcset=\"https:\/\/centropodologicocrevillente.com\/wp-content\/uploads\/2016\/04\/IMG_20150826_162254-168x300.jpg 168w, https:\/\/centropodologicocrevillente.com\/wp-content\/uploads\/2016\/04\/IMG_20150826_162254-768x1368.jpg 768w, https:\/\/centropodologicocrevillente.com\/wp-content\/uploads\/2016\/04\/IMG_20150826_162254-575x1024.jpg 575w\" sizes=\"auto, (max-width: 168px) 100vw, 168px\" \/><\/a> <a href=\"https:\/\/centropodologicocrevillente.com\/wp-content\/uploads\/2016\/04\/IMG_20150826_165310.jpg\" rel=\"attachment wp-att-330\"><img loading=\"lazy\" decoding=\"async\" class=\"alignnone size-medium wp-image-330\" src=\"https:\/\/centropodologicocrevillente.com\/wp-content\/uploads\/2016\/04\/IMG_20150826_165310-193x300.jpg\" alt=\"IMG_20150826_165310\" width=\"193\" height=\"300\" data-id=\"330\" srcset=\"https:\/\/centropodologicocrevillente.com\/wp-content\/uploads\/2016\/04\/IMG_20150826_165310-193x300.jpg 193w, https:\/\/centropodologicocrevillente.com\/wp-content\/uploads\/2016\/04\/IMG_20150826_165310-768x1197.jpg 768w, https:\/\/centropodologicocrevillente.com\/wp-content\/uploads\/2016\/04\/IMG_20150826_165310-657x1024.jpg 657w\" sizes=\"auto, (max-width: 193px) 100vw, 193px\" \/><\/a><\/p>\n<p>&nbsp;<\/p>\n","protected":false},"excerpt":{"rendered":"<p>Con la novedosa t\u00e9cnica 3TO-SPANGE para la soluci\u00f3n de la u\u00f1a encarnada sin cirug\u00eda. &nbsp; &nbsp;<\/p>\n","protected":false},"author":1,"featured_media":0,"parent":0,"menu_order":0,"comment_status":"closed","ping_status":"closed","template":"","meta":{"footnotes":""},"class_list":["post-168","page","type-page","status-publish","hentry"],"aioseo_notices":[],"_links":{"self":[{"href":"https:\/\/centropodologicocrevillente.com\/index.php?rest_route=\/wp\/v2\/pages\/168","targetHints":{"allow":["GET"]}}],"collection":[{"href":"https:\/\/centropodologicocrevillente.com\/index.php?rest_route=\/wp\/v2\/pages"}],"about":[{"href":"https:\/\/centropodologicocrevillente.com\/index.php?rest_route=\/wp\/v2\/types\/page"}],"author":[{"embeddable":true,"href":"https:\/\/centropodologicocrevillente.com\/index.php?rest_route=\/wp\/v2\/users\/1"}],"replies":[{"embeddable":true,"href":"https:\/\/centropodologicocrevillente.com\/index.php?rest_route=%2Fwp%2Fv2%2Fcomments&post=168"}],"version-history":[{"count":3,"href":"https:\/\/centropodologicocrevillente.com\/index.php?rest_route=\/wp\/v2\/pages\/168\/revisions"}],"predecessor-version":[{"id":369,"href":"https:\/\/centropodologicocrevillente.com\/index.php?rest_route=\/wp\/v2\/pages\/168\/revisions\/369"}],"wp:attachment":[{"href":"https:\/\/centropodologicocrevillente.com\/index.php?rest_route=%2Fwp%2Fv2%2Fmedia&parent=168"}],"curies":[{"name":"wp","href":"https:\/\/api.w.org\/{rel}","templated":true}]}}