{"id":166,"date":"2016-01-21T13:49:33","date_gmt":"2016-01-21T13:49:33","guid":{"rendered":"https:\/\/centropodologicocrevillente.com\/?page_id=166"},"modified":"2017-11-10T11:32:50","modified_gmt":"2017-11-10T11:32:50","slug":"estudio-biomecanico","status":"publish","type":"page","link":"https:\/\/centropodologicocrevillente.com\/?page_id=166","title":{"rendered":"Estudio Biomec\u00e1nico"},"content":{"rendered":"<p>BIOMEC\u00c1NICA Y ORTOPODOLOG\u00cdA:\u00a0Estudio de la pisada con podoscopio y ped\u00edgrafo, para poder obtener un buen diagn\u00f3stico y con ello realizar tratamientos plantares personalizados.<\/p>\n<div tabindex=\"0\" class=\"cycloneslider cycloneslider-template-standard cycloneslider-width-responsive\" id=\"cycloneslider-biomecanica-1\" style=\"max-width:960px\" > <div class=\"cycloneslider-slides cycle-slideshow\" data-cycle-allow-wrap=\"true\" data-cycle-dynamic-height=\"off\" data-cycle-auto-height=\"960:600\" data-cycle-auto-height-easing=\"null\" data-cycle-auto-height-speed=\"250\" data-cycle-delay=\"0\" data-cycle-easing=\"\" data-cycle-fx=\"fade\" data-cycle-hide-non-active=\"true\" data-cycle-log=\"false\" data-cycle-next=\"#cycloneslider-biomecanica-1 .cycloneslider-next\" data-cycle-pager=\"#cycloneslider-biomecanica-1 .cycloneslider-pager\" data-cycle-pause-on-hover=\"true\" data-cycle-prev=\"#cycloneslider-biomecanica-1 .cycloneslider-prev\" data-cycle-slides=\"&gt; div\" data-cycle-speed=\"1000\" data-cycle-swipe=\"false\" data-cycle-tile-count=\"7\" data-cycle-tile-delay=\"100\" data-cycle-tile-vertical=\"true\" data-cycle-timeout=\"4000\" > <\/div> <div class=\"cycloneslider-pager\"><\/div> <a href=\"#\" class=\"cycloneslider-prev\"> <span class=\"arrow\"><\/span> <\/a> <a href=\"#\" class=\"cycloneslider-next\"> <span class=\"arrow\"><\/span> <\/a> <\/div>\n","protected":false},"excerpt":{"rendered":"<p>BIOMEC\u00c1NICA Y ORTOPODOLOG\u00cdA:\u00a0Estudio de la pisada con podoscopio y ped\u00edgrafo, para poder obtener un buen diagn\u00f3stico y con ello realizar tratamientos plantares personalizados.<\/p>\n","protected":false},"author":1,"featured_media":0,"parent":0,"menu_order":0,"comment_status":"closed","ping_status":"closed","template":"","meta":{"footnotes":""},"class_list":["post-166","page","type-page","status-publish","hentry"],"aioseo_notices":[],"_links":{"self":[{"href":"https:\/\/centropodologicocrevillente.com\/index.php?rest_route=\/wp\/v2\/pages\/166","targetHints":{"allow":["GET"]}}],"collection":[{"href":"https:\/\/centropodologicocrevillente.com\/index.php?rest_route=\/wp\/v2\/pages"}],"about":[{"href":"https:\/\/centropodologicocrevillente.com\/index.php?rest_route=\/wp\/v2\/types\/page"}],"author":[{"embeddable":true,"href":"https:\/\/centropodologicocrevillente.com\/index.php?rest_route=\/wp\/v2\/users\/1"}],"replies":[{"embeddable":true,"href":"https:\/\/centropodologicocrevillente.com\/index.php?rest_route=%2Fwp%2Fv2%2Fcomments&post=166"}],"version-history":[{"count":9,"href":"https:\/\/centropodologicocrevillente.com\/index.php?rest_route=\/wp\/v2\/pages\/166\/revisions"}],"predecessor-version":[{"id":475,"href":"https:\/\/centropodologicocrevillente.com\/index.php?rest_route=\/wp\/v2\/pages\/166\/revisions\/475"}],"wp:attachment":[{"href":"https:\/\/centropodologicocrevillente.com\/index.php?rest_route=%2Fwp%2Fv2%2Fmedia&parent=166"}],"curies":[{"name":"wp","href":"https:\/\/api.w.org\/{rel}","templated":true}]}}