{"id":164,"date":"2016-01-21T13:49:33","date_gmt":"2016-01-21T13:49:33","guid":{"rendered":"https:\/\/centropodologicocrevillente.com\/?page_id=164"},"modified":"2016-04-08T15:50:09","modified_gmt":"2016-04-08T15:50:09","slug":"posturologia-y-ortopodologia","status":"publish","type":"page","link":"https:\/\/centropodologicocrevillente.com\/?page_id=164","title":{"rendered":"Posturolog\u00eda y Ortopodolog\u00eda"},"content":{"rendered":"<p>POSTUROLOG\u00cdA: con las plantillas propioceptivas seg\u00fan el m\u00e9todo Bourdiol, las bases de la correcci\u00f3n postural son mec\u00e1nicas y neurol\u00f3gicas, y a trav\u00e9s de la estimulaci\u00f3n de unos receptores que tenemos en la planta del pie, podemos prevenir y tratar los trastornos de la postura y del equilibrio y as\u00ed por ejemplo prevenir dolores en la zona lumbar o cervical .<\/p>\n","protected":false},"excerpt":{"rendered":"<p>POSTUROLOG\u00cdA: con las plantillas propioceptivas seg\u00fan el m\u00e9todo Bourdiol, las bases de la correcci\u00f3n postural son mec\u00e1nicas y neurol\u00f3gicas, y a trav\u00e9s de la estimulaci\u00f3n de unos receptores que tenemos [&hellip;]<\/p>\n","protected":false},"author":1,"featured_media":0,"parent":0,"menu_order":0,"comment_status":"closed","ping_status":"closed","template":"","meta":{"footnotes":""},"class_list":["post-164","page","type-page","status-publish","hentry"],"aioseo_notices":[],"_links":{"self":[{"href":"https:\/\/centropodologicocrevillente.com\/index.php?rest_route=\/wp\/v2\/pages\/164","targetHints":{"allow":["GET"]}}],"collection":[{"href":"https:\/\/centropodologicocrevillente.com\/index.php?rest_route=\/wp\/v2\/pages"}],"about":[{"href":"https:\/\/centropodologicocrevillente.com\/index.php?rest_route=\/wp\/v2\/types\/page"}],"author":[{"embeddable":true,"href":"https:\/\/centropodologicocrevillente.com\/index.php?rest_route=\/wp\/v2\/users\/1"}],"replies":[{"embeddable":true,"href":"https:\/\/centropodologicocrevillente.com\/index.php?rest_route=%2Fwp%2Fv2%2Fcomments&post=164"}],"version-history":[{"count":2,"href":"https:\/\/centropodologicocrevillente.com\/index.php?rest_route=\/wp\/v2\/pages\/164\/revisions"}],"predecessor-version":[{"id":206,"href":"https:\/\/centropodologicocrevillente.com\/index.php?rest_route=\/wp\/v2\/pages\/164\/revisions\/206"}],"wp:attachment":[{"href":"https:\/\/centropodologicocrevillente.com\/index.php?rest_route=%2Fwp%2Fv2%2Fmedia&parent=164"}],"curies":[{"name":"wp","href":"https:\/\/api.w.org\/{rel}","templated":true}]}}