{"id":162,"date":"2016-01-21T13:49:33","date_gmt":"2016-01-21T13:49:33","guid":{"rendered":"https:\/\/centropodologicocrevillente.com\/?page_id=162"},"modified":"2016-04-08T15:50:09","modified_gmt":"2016-04-08T15:50:09","slug":"quiropedia","status":"publish","type":"page","link":"https:\/\/centropodologicocrevillente.com\/?page_id=162","title":{"rendered":"Quiropodolog\u00eda"},"content":{"rendered":"<p>QUIROPODOLOG\u00cdA:<\/p>\n<p>La quiropodolog\u00eda se encarga de tratar las afecciones de los pies. Contempla la eliminaci\u00f3n de hiperqueratosis (durezas y callos), el tratamiento de micosis (hongos en la piel), papilomas (infecciones v\u00edricas) y el tratamiento espec\u00edfico de las u\u00f1as: hematomas subungueales (u\u00f1as negras), onicomicosis (hongos en u\u00f1as), onicogrifosis (u\u00f1as engrosadas)y onicocriptosis (u\u00f1as encarnadas).<\/p>\n<p><a href=\"https:\/\/centropodologicocrevillente.com\/wp-content\/uploads\/2016\/04\/QUIROPODIA.jpg\" rel=\"attachment wp-att-325\"><img loading=\"lazy\" decoding=\"async\" class=\"alignnone size-medium wp-image-325\" src=\"https:\/\/centropodologicocrevillente.com\/wp-content\/uploads\/2016\/04\/QUIROPODIA-300x225.jpg\" alt=\"QUIROPODIA\" width=\"300\" height=\"225\" data-id=\"325\" srcset=\"https:\/\/centropodologicocrevillente.com\/wp-content\/uploads\/2016\/04\/QUIROPODIA-300x225.jpg 300w, https:\/\/centropodologicocrevillente.com\/wp-content\/uploads\/2016\/04\/QUIROPODIA-768x576.jpg 768w, https:\/\/centropodologicocrevillente.com\/wp-content\/uploads\/2016\/04\/QUIROPODIA-1024x768.jpg 1024w\" sizes=\"auto, (max-width: 300px) 100vw, 300px\" \/><\/a><\/p>\n","protected":false},"excerpt":{"rendered":"<p>QUIROPODOLOG\u00cdA: La quiropodolog\u00eda se encarga de tratar las afecciones de los pies. Contempla la eliminaci\u00f3n de hiperqueratosis (durezas y callos), el tratamiento de micosis (hongos en la piel), papilomas (infecciones [&hellip;]<\/p>\n","protected":false},"author":1,"featured_media":0,"parent":0,"menu_order":0,"comment_status":"closed","ping_status":"closed","template":"","meta":{"footnotes":""},"class_list":["post-162","page","type-page","status-publish","hentry"],"aioseo_notices":[],"_links":{"self":[{"href":"https:\/\/centropodologicocrevillente.com\/index.php?rest_route=\/wp\/v2\/pages\/162","targetHints":{"allow":["GET"]}}],"collection":[{"href":"https:\/\/centropodologicocrevillente.com\/index.php?rest_route=\/wp\/v2\/pages"}],"about":[{"href":"https:\/\/centropodologicocrevillente.com\/index.php?rest_route=\/wp\/v2\/types\/page"}],"author":[{"embeddable":true,"href":"https:\/\/centropodologicocrevillente.com\/index.php?rest_route=\/wp\/v2\/users\/1"}],"replies":[{"embeddable":true,"href":"https:\/\/centropodologicocrevillente.com\/index.php?rest_route=%2Fwp%2Fv2%2Fcomments&post=162"}],"version-history":[{"count":4,"href":"https:\/\/centropodologicocrevillente.com\/index.php?rest_route=\/wp\/v2\/pages\/162\/revisions"}],"predecessor-version":[{"id":358,"href":"https:\/\/centropodologicocrevillente.com\/index.php?rest_route=\/wp\/v2\/pages\/162\/revisions\/358"}],"wp:attachment":[{"href":"https:\/\/centropodologicocrevillente.com\/index.php?rest_route=%2Fwp%2Fv2%2Fmedia&parent=162"}],"curies":[{"name":"wp","href":"https:\/\/api.w.org\/{rel}","templated":true}]}}