{"id":10,"date":"2010-10-28T10:31:11","date_gmt":"2010-10-28T10:31:11","guid":{"rendered":"http:\/\/lunatv.es\/centropodologico\/?page_id=10"},"modified":"2025-01-31T15:02:13","modified_gmt":"2025-01-31T15:02:13","slug":"contacto","status":"publish","type":"page","link":"https:\/\/centropodologicocrevillente.com\/?page_id=10","title":{"rendered":"Contacto"},"content":{"rendered":"\n<div class=\"wpcf7 no-js\" id=\"wpcf7-f212-o1\" lang=\"es-ES\" dir=\"ltr\" data-wpcf7-id=\"212\">\n<div class=\"screen-reader-response\"><p role=\"status\" aria-live=\"polite\" aria-atomic=\"true\"><\/p> <ul><\/ul><\/div>\n<form action=\"\/index.php?rest_route=%2Fwp%2Fv2%2Fpages%2F10#wpcf7-f212-o1\" method=\"post\" class=\"wpcf7-form init\" aria-label=\"Formulario de contacto\" novalidate=\"novalidate\" data-status=\"init\">\n<div style=\"display: none;\">\n<input type=\"hidden\" name=\"_wpcf7\" value=\"212\" \/>\n<input type=\"hidden\" name=\"_wpcf7_version\" value=\"6.0.6\" \/>\n<input type=\"hidden\" name=\"_wpcf7_locale\" value=\"es_ES\" \/>\n<input type=\"hidden\" name=\"_wpcf7_unit_tag\" value=\"wpcf7-f212-o1\" \/>\n<input type=\"hidden\" name=\"_wpcf7_container_post\" value=\"0\" \/>\n<input type=\"hidden\" name=\"_wpcf7_posted_data_hash\" value=\"\" \/>\n<\/div>\n<p>Nombre (requerido)\n<\/p>\n<p><span class=\"wpcf7-form-control-wrap\" data-name=\"your-name\"><input size=\"40\" maxlength=\"400\" class=\"wpcf7-form-control wpcf7-text wpcf7-validates-as-required\" aria-required=\"true\" aria-invalid=\"false\" value=\"\" type=\"text\" name=\"your-name\" \/><\/span>\n<\/p>\n<p>Correo electr\u00f3nico (requerido)\n<\/p>\n<p><span class=\"wpcf7-form-control-wrap\" data-name=\"your-email\"><input size=\"40\" maxlength=\"400\" class=\"wpcf7-form-control wpcf7-email wpcf7-validates-as-required wpcf7-text wpcf7-validates-as-email\" aria-required=\"true\" aria-invalid=\"false\" value=\"\" type=\"email\" name=\"your-email\" \/><\/span>\n<\/p>\n<p>Asunto\n<\/p>\n<p><span class=\"wpcf7-form-control-wrap\" data-name=\"your-subject\"><input size=\"40\" maxlength=\"400\" class=\"wpcf7-form-control wpcf7-text\" aria-invalid=\"false\" value=\"\" type=\"text\" name=\"your-subject\" \/><\/span>\n<\/p>\n<p>Mensaje\n<\/p>\n<p><span class=\"wpcf7-form-control-wrap\" data-name=\"your-message\"><textarea cols=\"40\" rows=\"10\" maxlength=\"2000\" class=\"wpcf7-form-control wpcf7-textarea\" aria-invalid=\"false\" name=\"your-message\"><\/textarea><\/span>\n<\/p>\n<p><input class=\"wpcf7-form-control wpcf7-submit has-spinner\" type=\"submit\" value=\"Enviar\" \/>\n<\/p>\n<p><span class=\"wpcf7-form-control-wrap\" data-name=\"acceptance-926\"><span class=\"wpcf7-form-control wpcf7-acceptance\"><span class=\"wpcf7-list-item\"><input type=\"checkbox\" name=\"acceptance-926\" value=\"1\" aria-invalid=\"false\" \/><\/span><\/span><\/span> Aceptar\n<\/p>\n<p><a href=\"https:\/\/centropodologicocrevillente.com\/?page_id=481\" target=\"_blank\" title=\"Politica de Privacidad\">\n\t\t<font size=\"4\">He le\u00eddo y acepto la informaci\u00f3n sobre protecci\u00f3n de datos:\n\t\t<\/font><\/a>\n<\/p><div class=\"wpcf7-response-output\" aria-hidden=\"true\"><\/div>\n<\/form>\n<\/div>\n\n<p>Sus datos son utilizados para gestionar las consultas que se realizan a trav\u00e9s de nuestra web mediante su tratamiento como \u00abFormulario Web\u00bb. La base legal para el tratamiento de sus datos es su consentimiento expl\u00edcito, prestado a trav\u00e9s de la aceptaci\u00f3n del Checkbox. No se ceder\u00e1n datos a terceros, salvo obligaci\u00f3n legal. Podr\u00e1 acceder, rectificar y suprimir los datos as\u00ed como otros derechos, tal y como se explica en la informaci\u00f3n adicional. La informaci\u00f3n adicional la encontrar\u00e1 en el AVISO LEGAL de nuestra p\u00e1gina web.<\/p>\n<p>CENTRO PODOL\u00d3GICO<\/p>\n<p>MAR\u00cdA JOS\u00c9 MERCADER COBACHO n\u00bacol. COPCV 2298<\/p>\n<p>C\/D.Alarico L\u00f3pez Teruel, 3 Bajo E<br \/>\nCrevillent C.P.03330 (Alicante)<br \/>\nT.fijo:\u00a0 96 668 09 10<br \/>\nm\u00f3vil: 665 383 974\/\/ 676 99 72 26<br \/>\ne-mail:\u00a0 <a href=\"mailto:podologamj@gmail.com\">podologamj@gmail.com<\/a><br \/>\nFacebook:\u00a0<a href=\"https:\/\/www.facebook.com\/CentroPodologicoM.JoseMercaderCobacho\" target=\"_blank\" rel=\"noopener\">S\u00edguenos en Facebook<\/a><\/p>\n<p>n\u00ba Registro Sanitario: 5704<\/p>\n","protected":false},"excerpt":{"rendered":"<p>Sus datos son utilizados para gestionar las consultas que se realizan a trav\u00e9s de nuestra web mediante su tratamiento como \u00abFormulario Web\u00bb. La base legal para el tratamiento de sus [&hellip;]<\/p>\n","protected":false},"author":2,"featured_media":0,"parent":0,"menu_order":4,"comment_status":"closed","ping_status":"closed","template":"","meta":{"footnotes":""},"class_list":["post-10","page","type-page","status-publish","hentry"],"aioseo_notices":[],"_links":{"self":[{"href":"https:\/\/centropodologicocrevillente.com\/index.php?rest_route=\/wp\/v2\/pages\/10","targetHints":{"allow":["GET"]}}],"collection":[{"href":"https:\/\/centropodologicocrevillente.com\/index.php?rest_route=\/wp\/v2\/pages"}],"about":[{"href":"https:\/\/centropodologicocrevillente.com\/index.php?rest_route=\/wp\/v2\/types\/page"}],"author":[{"embeddable":true,"href":"https:\/\/centropodologicocrevillente.com\/index.php?rest_route=\/wp\/v2\/users\/2"}],"replies":[{"embeddable":true,"href":"https:\/\/centropodologicocrevillente.com\/index.php?rest_route=%2Fwp%2Fv2%2Fcomments&post=10"}],"version-history":[{"count":19,"href":"https:\/\/centropodologicocrevillente.com\/index.php?rest_route=\/wp\/v2\/pages\/10\/revisions"}],"predecessor-version":[{"id":518,"href":"https:\/\/centropodologicocrevillente.com\/index.php?rest_route=\/wp\/v2\/pages\/10\/revisions\/518"}],"wp:attachment":[{"href":"https:\/\/centropodologicocrevillente.com\/index.php?rest_route=%2Fwp%2Fv2%2Fmedia&parent=10"}],"curies":[{"name":"wp","href":"https:\/\/api.w.org\/{rel}","templated":true}]}}